{"id":5589,"date":"2018-10-08T18:38:45","date_gmt":"2018-10-08T16:38:45","guid":{"rendered":"https:\/\/www.ibizaselect.com\/?page_id=5589"},"modified":"2023-03-22T17:52:58","modified_gmt":"2023-03-22T16:52:58","slug":"empfehlungen","status":"publish","type":"page","link":"https:\/\/www.ibizaselect.com\/de\/finca-info\/empfehlungen\/","title":{"rendered":"EMPFEHLUNGEN"},"content":{"rendered":"<section class=\"wpb-content-wrapper\"><p>[vc_row bottom_arrow=&#8221;on&#8221; bottom_arrow_caption=&#8221;NACH UNTEN SCROLLEN&#8221; css=&#8221;.vc_custom_1673498694810{margin-top: 0px !important;margin-bottom: 0px !important;padding-top: 150px !important;padding-bottom: 60px !important;}&#8221;][vc_column][vc_custom_heading text=&#8221;Ibiza Empfehlungen von Finca Can Tunicu&#8221; font_container=&#8221;tag:h1|text_align:center|color:%23008080&#8243; use_theme_fonts=&#8221;yes&#8221;][vc_custom_heading text=&#8221;Tipps f\u00fcr Aktivit\u00e4ten, die nicht jeder kennt oder macht&#8221; font_container=&#8221;tag:h5|text_align:center|color:%23c59d5f&#8221; google_fonts=&#8221;font_family:Playfair%20Display%3Aregular%2Citalic%2C700%2C700italic%2C900%2C900italic|font_style:400%20italic%3A400%3Aitalic&#8221;][vc_wp_text]<\/p>\n<blockquote><p><span style=\"font-family: georgia, palatino, serif;\">Ibiza bietet viel mehr als nur Clubbing und Sonnenbaden. Sprechen Sie mit uns, wenn Sie etwas Besonderes suchen und schauen Sie sich die nachstehenden Vorschl\u00e4ge an.<\/span><\/p><\/blockquote>\n<p>[\/vc_wp_text][\/vc_column][\/vc_row][vc_row][vc_column width=&#8221;1\/2&#8243;]<div id=\"oabx-1\" style=\"--data-bgcolor:rgba(0,0,0,0.7)\" class=\"ozy-arrow_box arrow-BOTTOM\"><\/p>\n<h1 class=\"vc_custom_heading\">Besichtigung des Weinguts Can Rich<\/h1>\n<div class=\"wpb_text_column wpb_content_element georgia\">\n<div class=\"wpb_wrapper\">\n<p>&nbsp;<\/p>\n<pre><span style=\"font-family: helvetica, arial, sans-serif;\">Das Weingut Can Rich liegt zwischen Sant Antoni und Buscastell. Es ist das gr\u00f6\u00dfte der Insel und stellt seit 1997 inseleigene Produkte mit dem G\u00fctesiegel \u201eTierra de Ibiza\u201c her.<\/span>\r\n\r\n<span style=\"font-family: helvetica, arial, sans-serif;\">Bei der Besichtigung erf\u00e4hrt der Besucher mehr \u00fcber die Geschichte dieses Weinguts und die Herstellung der verschiedenen Weine sowie des bekannten Kr\u00e4uterlik\u00f6rs Hierbas Ibicencas. Im Anschluss erfolgt eine Weinprobe und im hauseigenen Shop k\u00f6nnen die verkosteten Erzeugnisse sowie andere Produkte aus eigener Herstellung erworben werden.<\/span>\r\n\r\n<span style=\"font-family: helvetica, arial, sans-serif;\">Ge\u00f6ffnet von Montag bis Freitag (au\u00dfer an Feiertagen) von 10:00 bis 14:00 Uhr.<\/span>\r\n\r\n<span style=\"font-family: helvetica, arial, sans-serif;\">Eine Voranmeldung ist erforderlich.<\/span><\/pre>\n<\/div>\n<\/div>\n<p><\/div><div class=\"ozy-call-to-action-box \" style=\"background-image:url(https:\/\/www.ibizaselect.com\/wp-content\/uploads\/2023\/01\/FINCA-CAN-TUNICU-IBIZA-CAN-RICH-1.jpg);height:500px\"><div class=\"shadow-wrapper\"><\/div><div class=\"overlay-wrapper\"><h2><\/h2><span class=\"shared-border-color\"><\/span><a href=\"http:\/\/www.bodegascanrich.com\" target=\"_blank\">HIER GEHT ES ZUR WEBSITE VON BODEGAS CAN RICH \u2192<\/a><\/div><\/div><div id=\"oabx-2\" style=\"--data-bgcolor:rgba(0,0,0,0.7)\" class=\"ozy-arrow_box arrow-BOTTOM\"><\/p>\n<h1 class=\"vc_custom_heading\">Besuch im <strong>Ibiza Bot\u00e1nico Biotecnol\u00f3gico<\/strong><\/h1>\n<div class=\"wpb_text_column wpb_content_element georgia\">\n<div class=\"wpb_wrapper\">\n<p>&nbsp;<\/p>\n<p><span style=\"font-family: helvetica, arial, sans-serif;\">Der Biotechnologische Botanische Garten auf Ibiza ist in seiner Art einzigartig in Europa und vermittelt Kenntnisse, die von versierten Biologen auf diesem Gebiet zusammengetragen wurde. Hier kann man nicht nur etwas \u00fcber die verschiedenen Lebensr\u00e4ume der Insel erfahren, sondern auch die M\u00f6glichkeiten der Biotechnologie entdecken, die uns im kommenden Kampf gegen die Klimaherausforderungen hilfreich zur Seite stehen wird.<\/span><\/p>\n<p><span style=\"font-family: helvetica, arial, sans-serif;\">Eine der Hauptattraktionen des Ibiza Bot\u00e1nico Biotecnol\u00f3gico ist sein sogenanntes Pflanzenklavier. Ganz im Sinne der Wissensverbreitung und der technologischen Innovation gibt es im Park auch einen Apparat, der Trinkwasser aus der Atmosph\u00e4re gewinnt, sodass man Wasser kosten kann, das direkt aus dem Himmel \u00fcber Ibiza gewonnen wird.<\/span><\/p>\n<p><span style=\"font-family: helvetica, arial, sans-serif;\">Au\u00dferdem kann man hier einem Photobioreaktor bei der Arbeit zuschauen, der nat\u00fcrliches D\u00fcngemittel aus Mikroalgen herstellt, die eine besonders wichtige Eigenschaft besitzen: Sie k\u00f6nnen gro\u00dfe Mengen CO<sub>2 <\/sub>aus der Luft filtern. Weitere Sehensw\u00fcrdigkeiten des Gartens sind die Bonsai-Ausstellung und die k\u00fcnstlich angelegten Bienenst\u00f6cke. Fast noch faszinierender als der Anblick dieser beiden Ausstellungsbereiche sind die Geschichten und Anekdoten, die sich um sie ranken.<\/span><\/p>\n<p><span style=\"font-family: helvetica, arial, sans-serif;\">Der Botanische Garten kann sowohl alleine mit einem Audioguide als auch unter F\u00fchrung einer fachkundigen Person erkundet werden.<\/span><\/p>\n<\/div>\n<\/div>\n<p><\/div><div class=\"ozy-call-to-action-box \" style=\"background-image:url(https:\/\/www.ibizaselect.com\/wp-content\/uploads\/2023\/01\/FINCA-CAN-TUNICU-IBIZA-IBB.jpg);height:500px\"><div class=\"shadow-wrapper\"><\/div><div class=\"overlay-wrapper\"><h2><\/h2><span class=\"shared-border-color\"><\/span><a href=\"https:\/\/ibizabotanicobiotecnologico.com\/\" target=\"_blank\">HIER GEHT ES ZUR WEBSITE VON IBIZA BOT\u00c1NICO BIOTECNOL\u00d3GICO \u2192<\/a><\/div><\/div>[\/vc_column][vc_column width=&#8221;1\/2&#8243;]<div id=\"oabx-3\" style=\"--data-bgcolor:rgba(0,0,0,0.7)\" class=\"ozy-arrow_box arrow-BOTTOM\"><\/p>\n<h1 class=\"vc_custom_heading\">Paella Time<\/h1>\n<div class=\"wpb_text_column wpb_content_element georgia\">\n<p>&nbsp;<\/p>\n<pre><span style=\"font-family: helvetica, arial, sans-serif;\">Laut Wikipedia ist die Paella ein spanisches Reisgericht aus der Pfanne und urspr\u00fcnglich das Nationalgericht der Region Valencia und der spanischen Ostk\u00fcste. Heutzutage hat die Paella in ganz Spanien einen sehr hohen Bekanntheitsgrad und verk\u00f6rpert mittlerweile das spanische Nationalgericht per se.<\/span>\r\n\r\n<span style=\"font-family: helvetica, arial, sans-serif;\">Man kann vielerorts auf Ibiza eine Paella bestellen und meistens zwischen zahlreichen Varianten ausw\u00e4hlen. Man findet beispielsweise\r\n\r\n<\/span><\/pre>\n<ul>\n<li><span style=\"font-family: helvetica, arial, sans-serif;\">Valencianische Paella<\/span><\/li>\n<li><span style=\"font-family: helvetica, arial, sans-serif;\">Meeresfr\u00fcchte-Paella<\/span><\/li>\n<li><span style=\"font-family: helvetica, arial, sans-serif;\">Fleisch-Paella<\/span><\/li>\n<li><span style=\"font-family: helvetica, arial, sans-serif;\">Schwarze Paella oder schwarzer Reis<\/span><\/li>\n<li><span style=\"font-family: helvetica, arial, sans-serif;\">Wei\u00dfe Paella<\/span><\/li>\n<li><span style=\"font-family: helvetica, arial, sans-serif;\">Gemischte Paella<\/span><\/li>\n<li><span style=\"font-family: helvetica, arial, sans-serif;\">Paella mit Gem\u00fcse<\/span><\/li>\n<li><span style=\"font-family: helvetica, arial, sans-serif;\">Hummer-Paella<\/span><\/li>\n<\/ul>\n<pre><span style=\"font-family: helvetica, arial, sans-serif;\">\r\nBedenken Sie\u00a0 aber stets, dass eine \u201crichtige\u201d Paella eine sehr lange Zubereitungszeit erfordert und nicht durch eine tiefgefrorene Version ersetzt werden kann, die man auch h\u00e4ufig in der Gastronomie anbietet.<\/span>\r\n\r\n<span style=\"font-family: helvetica, arial, sans-serif;\">Auf Ibiza gibt es zahlreiche Restaurants der Spitzenklasse, doch nicht jedes ist auf dieses Gericht spezialisiert.<\/span>\r\n\r\n<span style=\"font-family: helvetica, arial, sans-serif;\">Fragen Sie uns, wo man vor Ort gute und authentische Paella serviert bekommt oder buchen Sie XXX, der sich seit vielen Jahren hierauf spezialisiert hat und vor Ihren Augen eine Paella auf Can Tunicu zubereitet.<\/span><\/pre>\n<\/div>\n<p><\/div><div class=\"ozy-call-to-action-box \" style=\"background-image:url(https:\/\/www.ibizaselect.com\/wp-content\/uploads\/2023\/01\/FINCA-CAN-TUNICU-IBIZA-PAELLA-scaled.jpg);height:500px\"><div class=\"shadow-wrapper\"><\/div><div class=\"overlay-wrapper\"><h2><\/h2><span class=\"shared-border-color\"><\/span><a href=\"\" target=\"_self\">KLICKEN SIE HIER F\u00dcR WEITERE DETAILS \u2192<\/a><\/div><\/div><div id=\"oabx-4\" style=\"--data-bgcolor:rgba(0,0,0,0.7)\" class=\"ozy-arrow_box arrow-BOTTOM\"><\/p>\n<h1 class=\"vc_custom_heading\">Besuch bei Ibizaloe\u00ae<\/h1>\n<div class=\"wpb_text_column wpb_content_element georgia\">\n<p>&nbsp;<\/p>\n<pre><span style=\"font-family: helvetica, arial, sans-serif;\">Ibizaloe\u00ae bietet Ihnen eine kostenlose F\u00fchrung auf Can Atzavara an, wo sich die \u00f6kologische Aloe Vera-Plantage sowie das zugeh\u00f6rige Aloe Vera-Museum auf Ibiza befindet.\r\n\r\nSie k\u00f6nnen dabei alles \u00fcber die Geschichte dieser Pflanze erfahren und wie sie in allen Zivilisationen verwendet und auch bereits in grauer Vorzeit von sehr bekannten Pers\u00f6nlichkeiten genutzt wurde. Erfahren Sie dutzende von Kuriosit\u00e4ten dar\u00fcber, wie Aloe Vera bei Hautpflege- und Gesundheitsbehandlungen hilft.\r\n\r\nAuf der ausgedehnten Plantage lernen Sie die Pflanze und die Schritte Ihres Wachstums sowie ihrer Pflege kennen, bis sie zu einem Produkt f\u00fcr den t\u00e4glichen Gebrauch wird.\r\n<\/span><\/pre>\n<\/div>\n<p><\/div><div class=\"ozy-call-to-action-box \" style=\"background-image:url(https:\/\/www.ibizaselect.com\/wp-content\/uploads\/2023\/01\/FINCA-CAN-TUNICU-IBIZA-ALOE-VERA-1.jpg);height:500px\"><div class=\"shadow-wrapper\"><\/div><div class=\"overlay-wrapper\"><h2><\/h2><span class=\"shared-border-color\"><\/span><a href=\"https:\/\/ibizaloe.com\/de\/\" target=\"_blank\">HIER GEHT ES ZUR WEBSITE VON IBIZALOE\u00ae \u2192<\/a><\/div><\/div>[\/vc_column][\/vc_row][vc_row][vc_column width=&#8221;1\/2&#8243;][\/vc_column][vc_column width=&#8221;1\/2&#8243;][\/vc_column][\/vc_row][vc_row css=&#8221;.vc_custom_1543003587189{margin-bottom: 0px !important;padding-bottom: 0px !important;}&#8221;][vc_column width=&#8221;1\/2&#8243;][\/vc_column][vc_column width=&#8221;1\/2&#8243;][\/vc_column][\/vc_row][vc_row][vc_column][\/vc_column][\/vc_row][vc_row][vc_column][vc_empty_space height=&#8221;100px&#8221;][\/vc_column][\/vc_row]<\/p>\n<\/section>","protected":false},"excerpt":{"rendered":"<p>[vc_row bottom_arrow=&#8221;on&#8221; bottom_arrow_caption=&#8221;NACH UNTEN SCROLLEN&#8221; css=&#8221;.vc_custom_1673498694810{margin-top: 0px !important;margin-bottom: 0px !important;padding-top: 150px !important;padding-bottom: 60px !important;}&#8221;][vc_column][vc_custom_heading text=&#8221;Ibiza Empfehlungen von Finca Can Tunicu&#8221; font_container=&#8221;tag:h1|text_align:center|color:%23008080&#8243; use_theme_fonts=&#8221;yes&#8221;][vc_custom_heading text=&#8221;Tipps f\u00fcr Aktivit\u00e4ten, die nicht jeder kennt oder [&hellip;]<\/p>\n","protected":false},"author":2,"featured_media":0,"parent":8578,"menu_order":8,"comment_status":"closed","ping_status":"closed","template":"","meta":{"footnotes":""},"class_list":["post-5589","page","type-page","status-publish","hentry",null],"yoast_head":"<!-- This site is optimized with the Yoast SEO plugin v27.3 - https:\/\/yoast.com\/product\/yoast-seo-wordpress\/ -->\n<title>EMPFEHLUNGEN | IBIZA - FINCA CAN TUNICU - by ibizaselect.com<\/title>\n<meta name=\"description\" content=\"Tipps f\u00fcr Aktivit\u00e4ten, die nicht jeder kennt oder macht \u2022 von der Besichtigung eines Weingutes bis hin zur Paella Time\" \/>\n<meta name=\"robots\" content=\"index, follow, max-snippet:-1, max-image-preview:large, max-video-preview:-1\" \/>\n<link rel=\"canonical\" href=\"https:\/\/www.ibizaselect.com\/de\/finca-info\/empfehlungen\/\" \/>\n<meta property=\"og:locale\" content=\"de_DE\" \/>\n<meta property=\"og:type\" content=\"article\" \/>\n<meta property=\"og:title\" content=\"EMPFEHLUNGEN | IBIZA - FINCA CAN TUNICU - by ibizaselect.com\" \/>\n<meta property=\"og:description\" content=\"Tipps f\u00fcr Aktivit\u00e4ten, die nicht jeder kennt oder macht \u2022 von der Besichtigung eines Weingutes bis hin zur Paella Time\" \/>\n<meta property=\"og:url\" content=\"https:\/\/www.ibizaselect.com\/de\/finca-info\/empfehlungen\/\" \/>\n<meta property=\"og:site_name\" content=\"IBIZA - FINCA CAN TUNICU - by ibizaselect.com\" \/>\n<meta property=\"article:modified_time\" content=\"2023-03-22T16:52:58+00:00\" \/>\n<meta name=\"twitter:card\" content=\"summary_large_image\" \/>\n<meta name=\"twitter:label1\" content=\"Gesch\u00e4tzte Lesezeit\" \/>\n\t<meta name=\"twitter:data1\" content=\"4\u00a0Minuten\" \/>\n<script type=\"application\/ld+json\" class=\"yoast-schema-graph\">{\"@context\":\"https:\\\/\\\/schema.org\",\"@graph\":[{\"@type\":\"WebPage\",\"@id\":\"https:\\\/\\\/www.ibizaselect.com\\\/de\\\/finca-info\\\/empfehlungen\\\/\",\"url\":\"https:\\\/\\\/www.ibizaselect.com\\\/de\\\/finca-info\\\/empfehlungen\\\/\",\"name\":\"EMPFEHLUNGEN | IBIZA - FINCA CAN TUNICU - by ibizaselect.com\",\"isPartOf\":{\"@id\":\"https:\\\/\\\/www.ibizaselect.com\\\/de\\\/#website\"},\"datePublished\":\"2018-10-08T16:38:45+00:00\",\"dateModified\":\"2023-03-22T16:52:58+00:00\",\"description\":\"Tipps f\u00fcr Aktivit\u00e4ten, die nicht jeder kennt oder macht \u2022 von der Besichtigung eines Weingutes bis hin zur Paella Time\",\"breadcrumb\":{\"@id\":\"https:\\\/\\\/www.ibizaselect.com\\\/de\\\/finca-info\\\/empfehlungen\\\/#breadcrumb\"},\"inLanguage\":\"de\",\"potentialAction\":[{\"@type\":\"ReadAction\",\"target\":[\"https:\\\/\\\/www.ibizaselect.com\\\/de\\\/finca-info\\\/empfehlungen\\\/\"]}]},{\"@type\":\"BreadcrumbList\",\"@id\":\"https:\\\/\\\/www.ibizaselect.com\\\/de\\\/finca-info\\\/empfehlungen\\\/#breadcrumb\",\"itemListElement\":[{\"@type\":\"ListItem\",\"position\":1,\"name\":\"Startseite\",\"item\":\"https:\\\/\\\/www.ibizaselect.com\\\/de\\\/\"},{\"@type\":\"ListItem\",\"position\":2,\"name\":\"INFO-FINCA\",\"item\":\"https:\\\/\\\/www.ibizaselect.com\\\/de\\\/finca-info\\\/\"},{\"@type\":\"ListItem\",\"position\":3,\"name\":\"EMPFEHLUNGEN\"}]},{\"@type\":\"WebSite\",\"@id\":\"https:\\\/\\\/www.ibizaselect.com\\\/de\\\/#website\",\"url\":\"https:\\\/\\\/www.ibizaselect.com\\\/de\\\/\",\"name\":\"IBIZA - FINCA CAN TUNICU\",\"description\":\"Fincaferien auf Ibiza, die Exklusivit\u00e4t statt nur Luxus bieten\",\"alternateName\":\"CAN TUNICU - IBIZA\",\"potentialAction\":[{\"@type\":\"SearchAction\",\"target\":{\"@type\":\"EntryPoint\",\"urlTemplate\":\"https:\\\/\\\/www.ibizaselect.com\\\/de\\\/?s={search_term_string}\"},\"query-input\":{\"@type\":\"PropertyValueSpecification\",\"valueRequired\":true,\"valueName\":\"search_term_string\"}}],\"inLanguage\":\"de\"}]}<\/script>\n<!-- \/ Yoast SEO plugin. -->","yoast_head_json":{"title":"EMPFEHLUNGEN | IBIZA - FINCA CAN TUNICU - by ibizaselect.com","description":"Tipps f\u00fcr Aktivit\u00e4ten, die nicht jeder kennt oder macht \u2022 von der Besichtigung eines Weingutes bis hin zur Paella Time","robots":{"index":"index","follow":"follow","max-snippet":"max-snippet:-1","max-image-preview":"max-image-preview:large","max-video-preview":"max-video-preview:-1"},"canonical":"https:\/\/www.ibizaselect.com\/de\/finca-info\/empfehlungen\/","og_locale":"de_DE","og_type":"article","og_title":"EMPFEHLUNGEN | IBIZA - FINCA CAN TUNICU - by ibizaselect.com","og_description":"Tipps f\u00fcr Aktivit\u00e4ten, die nicht jeder kennt oder macht \u2022 von der Besichtigung eines Weingutes bis hin zur Paella Time","og_url":"https:\/\/www.ibizaselect.com\/de\/finca-info\/empfehlungen\/","og_site_name":"IBIZA - FINCA CAN TUNICU - by ibizaselect.com","article_modified_time":"2023-03-22T16:52:58+00:00","twitter_card":"summary_large_image","twitter_misc":{"Gesch\u00e4tzte Lesezeit":"4\u00a0Minuten"},"schema":{"@context":"https:\/\/schema.org","@graph":[{"@type":"WebPage","@id":"https:\/\/www.ibizaselect.com\/de\/finca-info\/empfehlungen\/","url":"https:\/\/www.ibizaselect.com\/de\/finca-info\/empfehlungen\/","name":"EMPFEHLUNGEN | IBIZA - FINCA CAN TUNICU - by ibizaselect.com","isPartOf":{"@id":"https:\/\/www.ibizaselect.com\/de\/#website"},"datePublished":"2018-10-08T16:38:45+00:00","dateModified":"2023-03-22T16:52:58+00:00","description":"Tipps f\u00fcr Aktivit\u00e4ten, die nicht jeder kennt oder macht \u2022 von der Besichtigung eines Weingutes bis hin zur Paella Time","breadcrumb":{"@id":"https:\/\/www.ibizaselect.com\/de\/finca-info\/empfehlungen\/#breadcrumb"},"inLanguage":"de","potentialAction":[{"@type":"ReadAction","target":["https:\/\/www.ibizaselect.com\/de\/finca-info\/empfehlungen\/"]}]},{"@type":"BreadcrumbList","@id":"https:\/\/www.ibizaselect.com\/de\/finca-info\/empfehlungen\/#breadcrumb","itemListElement":[{"@type":"ListItem","position":1,"name":"Startseite","item":"https:\/\/www.ibizaselect.com\/de\/"},{"@type":"ListItem","position":2,"name":"INFO-FINCA","item":"https:\/\/www.ibizaselect.com\/de\/finca-info\/"},{"@type":"ListItem","position":3,"name":"EMPFEHLUNGEN"}]},{"@type":"WebSite","@id":"https:\/\/www.ibizaselect.com\/de\/#website","url":"https:\/\/www.ibizaselect.com\/de\/","name":"IBIZA - FINCA CAN TUNICU","description":"Fincaferien auf Ibiza, die Exklusivit\u00e4t statt nur Luxus bieten","alternateName":"CAN TUNICU - IBIZA","potentialAction":[{"@type":"SearchAction","target":{"@type":"EntryPoint","urlTemplate":"https:\/\/www.ibizaselect.com\/de\/?s={search_term_string}"},"query-input":{"@type":"PropertyValueSpecification","valueRequired":true,"valueName":"search_term_string"}}],"inLanguage":"de"}]}},"_links":{"self":[{"href":"https:\/\/www.ibizaselect.com\/de\/wp-json\/wp\/v2\/pages\/5589","targetHints":{"allow":["GET"]}}],"collection":[{"href":"https:\/\/www.ibizaselect.com\/de\/wp-json\/wp\/v2\/pages"}],"about":[{"href":"https:\/\/www.ibizaselect.com\/de\/wp-json\/wp\/v2\/types\/page"}],"author":[{"embeddable":true,"href":"https:\/\/www.ibizaselect.com\/de\/wp-json\/wp\/v2\/users\/2"}],"replies":[{"embeddable":true,"href":"https:\/\/www.ibizaselect.com\/de\/wp-json\/wp\/v2\/comments?post=5589"}],"version-history":[{"count":33,"href":"https:\/\/www.ibizaselect.com\/de\/wp-json\/wp\/v2\/pages\/5589\/revisions"}],"predecessor-version":[{"id":6302,"href":"https:\/\/www.ibizaselect.com\/de\/wp-json\/wp\/v2\/pages\/5589\/revisions\/6302"}],"up":[{"embeddable":true,"href":"https:\/\/www.ibizaselect.com\/de\/wp-json\/wp\/v2\/pages\/8578"}],"wp:attachment":[{"href":"https:\/\/www.ibizaselect.com\/de\/wp-json\/wp\/v2\/media?parent=5589"}],"curies":[{"name":"wp","href":"https:\/\/api.w.org\/{rel}","templated":true}]}}